{"id":8341,"date":"2023-09-24T12:16:34","date_gmt":"2023-09-24T09:16:34","guid":{"rendered":"https:\/\/imajaydinlatma.com\/?post_type=product&#038;p=8341"},"modified":"2023-09-24T12:19:38","modified_gmt":"2023-09-24T09:19:38","slug":"te-512","status":"publish","type":"product","link":"https:\/\/imajaydinlatma.com\/tr\/product\/te-512\/","title":{"rendered":"TE-512"},"content":{"rendered":"","protected":false},"excerpt":{"rendered":"<p>\u00dcr\u00fcn \u00d6l\u00e7\u00fcleri: 35&#215;28 cm <br \/>\nCable Length :65 cm  <br \/>\nAmp\u00fcl:1xE27<\/p>","protected":false},"featured_media":8096,"template":"","meta":[],"etheme_brands":[{"term_id":101,"name":"\u0130maj Ayd\u0131nlatma","slug":"imaj-aydinlatma","term_group":0,"term_taxonomy_id":101,"taxonomy":"brand","description":"","parent":0,"count":66,"filter":"raw"}],"product_cat":[15],"product_tag":[74,71,103],"_links":{"self":[{"href":"https:\/\/imajaydinlatma.com\/tr\/wp-json\/wp\/v2\/product\/8341"}],"collection":[{"href":"https:\/\/imajaydinlatma.com\/tr\/wp-json\/wp\/v2\/product"}],"about":[{"href":"https:\/\/imajaydinlatma.com\/tr\/wp-json\/wp\/v2\/types\/product"}],"version-history":[{"count":1,"href":"https:\/\/imajaydinlatma.com\/tr\/wp-json\/wp\/v2\/product\/8341\/revisions"}],"predecessor-version":[{"id":8344,"href":"https:\/\/imajaydinlatma.com\/tr\/wp-json\/wp\/v2\/product\/8341\/revisions\/8344"}],"wp:featuredmedia":[{"embeddable":true,"href":"https:\/\/imajaydinlatma.com\/tr\/wp-json\/wp\/v2\/media\/8096"}],"wp:attachment":[{"href":"https:\/\/imajaydinlatma.com\/tr\/wp-json\/wp\/v2\/media?parent=8341"}],"wp:term":[{"taxonomy":"brand","embeddable":true,"href":"https:\/\/imajaydinlatma.com\/tr\/wp-json\/wp\/v2\/etheme_brands?post=8341"},{"taxonomy":"product_cat","embeddable":true,"href":"https:\/\/imajaydinlatma.com\/tr\/wp-json\/wp\/v2\/product_cat?post=8341"},{"taxonomy":"product_tag","embeddable":true,"href":"https:\/\/imajaydinlatma.com\/tr\/wp-json\/wp\/v2\/product_tag?post=8341"}],"curies":[{"name":"wp","href":"https:\/\/api.w.org\/{rel}","templated":true}]}}