{"id":8301,"date":"2023-09-23T19:38:52","date_gmt":"2023-09-23T16:38:52","guid":{"rendered":"https:\/\/imajaydinlatma.com\/?post_type=product&#038;p=8301"},"modified":"2023-09-23T19:47:42","modified_gmt":"2023-09-23T16:47:42","slug":"te-503","status":"publish","type":"product","link":"https:\/\/imajaydinlatma.com\/tr\/product\/te-503\/","title":{"rendered":"TE-503"},"content":{"rendered":"","protected":false},"excerpt":{"rendered":"<p>\u00dcr\u00fcn \u00d6l\u00e7\u00fcleri: 35&#215;28 cm <br \/>\nCable Length :65 cm  <br \/>\nAmp\u00fcl:1xE27<\/p>","protected":false},"featured_media":8130,"template":"","meta":[],"etheme_brands":[{"term_id":101,"name":"\u0130maj Ayd\u0131nlatma","slug":"imaj-aydinlatma","term_group":0,"term_taxonomy_id":101,"taxonomy":"brand","description":"","parent":0,"count":66,"filter":"raw"}],"product_cat":[15],"product_tag":[74,72,73,71],"_links":{"self":[{"href":"https:\/\/imajaydinlatma.com\/tr\/wp-json\/wp\/v2\/product\/8301"}],"collection":[{"href":"https:\/\/imajaydinlatma.com\/tr\/wp-json\/wp\/v2\/product"}],"about":[{"href":"https:\/\/imajaydinlatma.com\/tr\/wp-json\/wp\/v2\/types\/product"}],"version-history":[{"count":1,"href":"https:\/\/imajaydinlatma.com\/tr\/wp-json\/wp\/v2\/product\/8301\/revisions"}],"predecessor-version":[{"id":8307,"href":"https:\/\/imajaydinlatma.com\/tr\/wp-json\/wp\/v2\/product\/8301\/revisions\/8307"}],"wp:featuredmedia":[{"embeddable":true,"href":"https:\/\/imajaydinlatma.com\/tr\/wp-json\/wp\/v2\/media\/8130"}],"wp:attachment":[{"href":"https:\/\/imajaydinlatma.com\/tr\/wp-json\/wp\/v2\/media?parent=8301"}],"wp:term":[{"taxonomy":"brand","embeddable":true,"href":"https:\/\/imajaydinlatma.com\/tr\/wp-json\/wp\/v2\/etheme_brands?post=8301"},{"taxonomy":"product_cat","embeddable":true,"href":"https:\/\/imajaydinlatma.com\/tr\/wp-json\/wp\/v2\/product_cat?post=8301"},{"taxonomy":"product_tag","embeddable":true,"href":"https:\/\/imajaydinlatma.com\/tr\/wp-json\/wp\/v2\/product_tag?post=8301"}],"curies":[{"name":"wp","href":"https:\/\/api.w.org\/{rel}","templated":true}]}}