{"id":8261,"date":"2023-09-23T19:06:09","date_gmt":"2023-09-23T16:06:09","guid":{"rendered":"https:\/\/imajaydinlatma.com\/?post_type=product&#038;p=8261"},"modified":"2023-09-23T19:13:48","modified_gmt":"2023-09-23T16:13:48","slug":"hr-210","status":"publish","type":"product","link":"https:\/\/imajaydinlatma.com\/tr\/product\/hr-210\/","title":{"rendered":"HR-210"},"content":{"rendered":"","protected":false},"excerpt":{"rendered":"<p>\u00dcr\u00fcn \u00d6l\u00e7\u00fcleri: 55&#215;30 cm <br \/>\nCable Length :65 cm  <br \/>\nAmp\u00fcl:1xE27<\/p>","protected":false},"featured_media":8113,"template":"","meta":[],"etheme_brands":[{"term_id":101,"name":"\u0130maj Ayd\u0131nlatma","slug":"imaj-aydinlatma","term_group":0,"term_taxonomy_id":101,"taxonomy":"brand","description":"","parent":0,"count":66,"filter":"raw"}],"product_cat":[67],"product_tag":[74,72,73,71],"_links":{"self":[{"href":"https:\/\/imajaydinlatma.com\/tr\/wp-json\/wp\/v2\/product\/8261"}],"collection":[{"href":"https:\/\/imajaydinlatma.com\/tr\/wp-json\/wp\/v2\/product"}],"about":[{"href":"https:\/\/imajaydinlatma.com\/tr\/wp-json\/wp\/v2\/types\/product"}],"version-history":[{"count":1,"href":"https:\/\/imajaydinlatma.com\/tr\/wp-json\/wp\/v2\/product\/8261\/revisions"}],"predecessor-version":[{"id":8263,"href":"https:\/\/imajaydinlatma.com\/tr\/wp-json\/wp\/v2\/product\/8261\/revisions\/8263"}],"wp:featuredmedia":[{"embeddable":true,"href":"https:\/\/imajaydinlatma.com\/tr\/wp-json\/wp\/v2\/media\/8113"}],"wp:attachment":[{"href":"https:\/\/imajaydinlatma.com\/tr\/wp-json\/wp\/v2\/media?parent=8261"}],"wp:term":[{"taxonomy":"brand","embeddable":true,"href":"https:\/\/imajaydinlatma.com\/tr\/wp-json\/wp\/v2\/etheme_brands?post=8261"},{"taxonomy":"product_cat","embeddable":true,"href":"https:\/\/imajaydinlatma.com\/tr\/wp-json\/wp\/v2\/product_cat?post=8261"},{"taxonomy":"product_tag","embeddable":true,"href":"https:\/\/imajaydinlatma.com\/tr\/wp-json\/wp\/v2\/product_tag?post=8261"}],"curies":[{"name":"wp","href":"https:\/\/api.w.org\/{rel}","templated":true}]}}