{"id":7931,"date":"2023-09-21T16:56:09","date_gmt":"2023-09-21T13:56:09","guid":{"rendered":"https:\/\/imajaydinlatma.com\/?post_type=product&#038;p=7931"},"modified":"2023-09-23T12:43:36","modified_gmt":"2023-09-23T09:43:36","slug":"ip-700-kre-taba","status":"publish","type":"product","link":"https:\/\/imajaydinlatma.com\/tr\/product\/ip-700-kre-taba\/","title":{"rendered":"IP-700"},"content":{"rendered":"","protected":false},"excerpt":{"rendered":"<p>\u00dcr\u00fcn \u00d6l\u00e7\u00fcleri: 35-33&#215;65 cm <br \/>\nCable Length :65 cm <br \/>\nBulb: 1xE27<\/p>","protected":false},"featured_media":8040,"template":"","meta":[],"etheme_brands":[{"term_id":101,"name":"\u0130maj Ayd\u0131nlatma","slug":"imaj-aydinlatma","term_group":0,"term_taxonomy_id":101,"taxonomy":"brand","description":"","parent":0,"count":66,"filter":"raw"}],"product_cat":[66],"product_tag":[70,69,71],"_links":{"self":[{"href":"https:\/\/imajaydinlatma.com\/tr\/wp-json\/wp\/v2\/product\/7931"}],"collection":[{"href":"https:\/\/imajaydinlatma.com\/tr\/wp-json\/wp\/v2\/product"}],"about":[{"href":"https:\/\/imajaydinlatma.com\/tr\/wp-json\/wp\/v2\/types\/product"}],"version-history":[{"count":4,"href":"https:\/\/imajaydinlatma.com\/tr\/wp-json\/wp\/v2\/product\/7931\/revisions"}],"predecessor-version":[{"id":8223,"href":"https:\/\/imajaydinlatma.com\/tr\/wp-json\/wp\/v2\/product\/7931\/revisions\/8223"}],"wp:featuredmedia":[{"embeddable":true,"href":"https:\/\/imajaydinlatma.com\/tr\/wp-json\/wp\/v2\/media\/8040"}],"wp:attachment":[{"href":"https:\/\/imajaydinlatma.com\/tr\/wp-json\/wp\/v2\/media?parent=7931"}],"wp:term":[{"taxonomy":"brand","embeddable":true,"href":"https:\/\/imajaydinlatma.com\/tr\/wp-json\/wp\/v2\/etheme_brands?post=7931"},{"taxonomy":"product_cat","embeddable":true,"href":"https:\/\/imajaydinlatma.com\/tr\/wp-json\/wp\/v2\/product_cat?post=7931"},{"taxonomy":"product_tag","embeddable":true,"href":"https:\/\/imajaydinlatma.com\/tr\/wp-json\/wp\/v2\/product_tag?post=7931"}],"curies":[{"name":"wp","href":"https:\/\/api.w.org\/{rel}","templated":true}]}}