{"id":402,"date":"2017-11-13T13:15:38","date_gmt":"2017-11-13T10:15:38","guid":{"rendered":"https:\/\/xstore.8theme.com\/demos\/2\/plumbing\/?post_type=product&#038;p=402"},"modified":"2023-09-23T12:45:24","modified_gmt":"2023-09-23T09:45:24","slug":"ip-701-krem-lacivert","status":"publish","type":"product","link":"https:\/\/imajaydinlatma.com\/tr\/product\/ip-701-krem-lacivert\/","title":{"rendered":"IP-701"},"content":{"rendered":"","protected":false},"excerpt":{"rendered":"<table border=\"0\" width=\"225\" cellspacing=\"0\" cellpadding=\"0\">\n<colgroup>\n<col width=\"225\" \/><\/colgroup>\n<tbody>\n<tr>\n<td class=\"xl64\" width=\"225\" height=\"115\">\u00dcr\u00fcn \u00d6l\u00e7\u00fcleri: 35&#215;33 cm<\/p>\n<p>Cable Length :65 cm<\/p>\n<p>Bulb: 1xE27<\/td>\n<\/tr>\n<\/tbody>\n<\/table>","protected":false},"featured_media":8041,"template":"","meta":[],"etheme_brands":[{"term_id":101,"name":"\u0130maj Ayd\u0131nlatma","slug":"imaj-aydinlatma","term_group":0,"term_taxonomy_id":101,"taxonomy":"brand","description":"","parent":0,"count":66,"filter":"raw"}],"product_cat":[66],"product_tag":[70,69,71],"_links":{"self":[{"href":"https:\/\/imajaydinlatma.com\/tr\/wp-json\/wp\/v2\/product\/402"}],"collection":[{"href":"https:\/\/imajaydinlatma.com\/tr\/wp-json\/wp\/v2\/product"}],"about":[{"href":"https:\/\/imajaydinlatma.com\/tr\/wp-json\/wp\/v2\/types\/product"}],"version-history":[{"count":6,"href":"https:\/\/imajaydinlatma.com\/tr\/wp-json\/wp\/v2\/product\/402\/revisions"}],"predecessor-version":[{"id":8225,"href":"https:\/\/imajaydinlatma.com\/tr\/wp-json\/wp\/v2\/product\/402\/revisions\/8225"}],"wp:featuredmedia":[{"embeddable":true,"href":"https:\/\/imajaydinlatma.com\/tr\/wp-json\/wp\/v2\/media\/8041"}],"wp:attachment":[{"href":"https:\/\/imajaydinlatma.com\/tr\/wp-json\/wp\/v2\/media?parent=402"}],"wp:term":[{"taxonomy":"brand","embeddable":true,"href":"https:\/\/imajaydinlatma.com\/tr\/wp-json\/wp\/v2\/etheme_brands?post=402"},{"taxonomy":"product_cat","embeddable":true,"href":"https:\/\/imajaydinlatma.com\/tr\/wp-json\/wp\/v2\/product_cat?post=402"},{"taxonomy":"product_tag","embeddable":true,"href":"https:\/\/imajaydinlatma.com\/tr\/wp-json\/wp\/v2\/product_tag?post=402"}],"curies":[{"name":"wp","href":"https:\/\/api.w.org\/{rel}","templated":true}]}}