{"id":305,"date":"2017-11-03T09:39:50","date_gmt":"2017-11-03T06:39:50","guid":{"rendered":"https:\/\/xstore.8theme.com\/demos\/2\/plumbing\/?post_type=product&#038;p=305"},"modified":"2023-09-23T18:45:30","modified_gmt":"2023-09-23T15:45:30","slug":"ip-703","status":"publish","type":"product","link":"https:\/\/imajaydinlatma.com\/tr\/product\/ip-703\/","title":{"rendered":"IP-703"},"content":{"rendered":"","protected":false},"excerpt":{"rendered":"<p>\u00dcr\u00fcn \u00d6l\u00e7\u00fcleri: 55&#215;35 cm <br \/>\nCable Length :65 cm  <br \/>\nAmp\u00fcl: 3xE27v<\/p>","protected":false},"featured_media":8077,"template":"","meta":[],"etheme_brands":[{"term_id":101,"name":"\u0130maj Ayd\u0131nlatma","slug":"imaj-aydinlatma","term_group":0,"term_taxonomy_id":101,"taxonomy":"brand","description":"","parent":0,"count":66,"filter":"raw"}],"product_cat":[66],"product_tag":[74,72,73,71],"_links":{"self":[{"href":"https:\/\/imajaydinlatma.com\/tr\/wp-json\/wp\/v2\/product\/305"}],"collection":[{"href":"https:\/\/imajaydinlatma.com\/tr\/wp-json\/wp\/v2\/product"}],"about":[{"href":"https:\/\/imajaydinlatma.com\/tr\/wp-json\/wp\/v2\/types\/product"}],"version-history":[{"count":5,"href":"https:\/\/imajaydinlatma.com\/tr\/wp-json\/wp\/v2\/product\/305\/revisions"}],"predecessor-version":[{"id":8158,"href":"https:\/\/imajaydinlatma.com\/tr\/wp-json\/wp\/v2\/product\/305\/revisions\/8158"}],"wp:featuredmedia":[{"embeddable":true,"href":"https:\/\/imajaydinlatma.com\/tr\/wp-json\/wp\/v2\/media\/8077"}],"wp:attachment":[{"href":"https:\/\/imajaydinlatma.com\/tr\/wp-json\/wp\/v2\/media?parent=305"}],"wp:term":[{"taxonomy":"brand","embeddable":true,"href":"https:\/\/imajaydinlatma.com\/tr\/wp-json\/wp\/v2\/etheme_brands?post=305"},{"taxonomy":"product_cat","embeddable":true,"href":"https:\/\/imajaydinlatma.com\/tr\/wp-json\/wp\/v2\/product_cat?post=305"},{"taxonomy":"product_tag","embeddable":true,"href":"https:\/\/imajaydinlatma.com\/tr\/wp-json\/wp\/v2\/product_tag?post=305"}],"curies":[{"name":"wp","href":"https:\/\/api.w.org\/{rel}","templated":true}]}}